{"id":343,"date":"2025-02-14T16:28:12","date_gmt":"2025-02-14T15:28:12","guid":{"rendered":"https:\/\/www.ecolesaintmichel44170.com\/?page_id=343"},"modified":"2025-02-16T21:27:11","modified_gmt":"2025-02-16T20:27:11","slug":"service-periscolaire","status":"publish","type":"page","link":"https:\/\/www.ecolesaintmichel44170.com\/index.php\/service-periscolaire\/","title":{"rendered":"Service p\u00e9riscolaire"},"content":{"rendered":"<div id=\"rows-60c37394afa369964e502d00\" class=\"rows\" data-total-pages=\"1\" data-current-page=\"1\">\n<div id=\"row-60c37394afa369964e502d00-1\" class=\"row-container pos-1 page_1 container\">\n<div class=\"row-content\">\n<div class=\"row\" data-role=\"line\">\n<div id=\"cell-56b9e6460f51c3069cc0bbbc\" class=\"col\" data-role=\"cell\" data-size=\"lg\">\n<div class=\"col-content col-no-widget\">\n<p><strong><u>PREAMBULE<\/u><\/strong><\/p>\n<p>L\u2019OGEC Saint Michel de La Grigonnais\u00a0 organise un accueil des enfants le matin et le soir, avant et apr\u00e8s la classe. Ce service fonctionne pour tous les enfants de l\u2019\u00e9cole Saint Michel sous la responsabilit\u00e9 d\u2019agents employ\u00e9s par l\u2019OGEC.<\/p>\n<p>C\u2019est un lieu de d\u00e9tente, de loisirs, de repos, dans l\u2019attente soit de l\u2019ouverture de la journ\u00e9e scolaire, soit du retour en famille.<\/p>\n<p><strong><u>INSCRIPTION<\/u><\/strong><\/p>\n<p>L\u2019inscription pour l\u2019accueil p\u00e9riscolaire doit \u00eatre faite aupr\u00e8s de la direction de l\u2019\u00e9cole.<\/p>\n<p><strong><u>FREQUENTATION<\/u><\/strong><\/p>\n<p>Le rythme de fr\u00e9quentation doit \u00eatre d\u00e9termin\u00e9 au moment de l\u2019inscription.<\/p>\n<p>Il peut \u00eatre continu (chaque jour de la semaine o\u00f9 l\u2019\u00e9cole est ouverte) ou discontinu (certains matins ou certains soirs).<\/p>\n<p><strong><u>HORAIRES ET DEROULEMENT<\/u><\/strong><\/p>\n<p>Les enfants seront accueillis par l\u2019agent employ\u00e9 par l\u2019OGEC.<\/p>\n<ul>\n<li>Le matin \u00e0 partir de 7h30 jusqu\u2019\u00e0 8h30,<\/li>\n<li>Le soir \u00e0 partir de 16h20 \u00e0 19h (d\u00e9but de facturation 16h30)<\/li>\n<\/ul>\n<p>En dehors de ces horaires les enfants sont enti\u00e8rement sous la responsabilit\u00e9 des parents.<\/p>\n<p>Le matin, il est pr\u00e9f\u00e9rable que les enfants aient pris leur premi\u00e8re collation au domicile (temps privil\u00e9gi\u00e9 avec ses parents avant la s\u00e9paration).<\/p>\n<p>Le soir, le go\u00fbter pr\u00e9alablement fourni par les parents, pourra \u00eatre pris sur place.<\/p>\n<p><strong>L\u2019acc\u00e8s au p\u00e9riscolaire se fera par le portillon du jardin, \u00e0 l\u2019arri\u00e8re de l\u2019\u00e9cole\u00a0: rue de Lauriers (la porte de la cour de l\u2019\u00e9cole sera ferm\u00e9e \u00e0 partir de 16h30).<\/strong><\/p>\n<p>Le soir apr\u00e8s l\u2019\u00e9cole et en fonction de la m\u00e9t\u00e9o les enfants pourront b\u00e9n\u00e9ficier de la cour de l\u2019\u00e9cole entre 16h20 et 17h. Le reste du temps ils seront dans le modulaire plac\u00e9 dans le jardin de l\u2019\u00e9cole.<\/p>\n<p>A partir de 17h, si des enfants souhaitent commencer leurs devoirs, un endroit calme leur sera mis \u00e0 disposition.<\/p>\n<p><strong><u>REGLES DE SAVOIR VIVRE<\/u><\/strong><\/p>\n<p>Les r\u00e8gles de vie lors de ce temps d\u2019accueil sont les m\u00eames que celles appliqu\u00e9es lors du temps scolaire.<\/p>\n<p>Ainsi, ce service ne peut \u00eatre pleinement profitable \u00e0 l\u2019enfant que si celui-ci respecte\u00a0:<\/p>\n<ul>\n<li>Les lieux, le personnel et ses camarades\u00a0;<\/li>\n<li>Les agents\u00a0: il tient compte de leurs remarques voire de leurs r\u00e9primandes\u00a0;<\/li>\n<li>La tranquillit\u00e9 de ses camarades\u00a0;<\/li>\n<li>Les locaux et le mat\u00e9riel.<\/li>\n<\/ul>\n<p>Les comportements portant pr\u00e9judice \u00e0 la bonne marche de l\u2019accueil p\u00e9riscolaire, les \u00e9carts de langage volontaires et r\u00e9p\u00e9t\u00e9s feront l\u2019objet de petites sanctions (avertissement oral, mise \u00e0 l\u2019\u00e9cart momentan\u00e9e).<\/p>\n<p>De leur c\u00f4t\u00e9, les agents doivent tout autant respecter les enfants. A ce titre, ils\u00a0 doivent surveiller leur propre langage et ne pas utiliser des mots qu\u2019ils n\u2019accepteraient pas des enfants.<\/p>\n<p><strong><u>SANCTIONS<\/u><\/strong><\/p>\n<p>Les enfants pour lesquels les petites sanctions pr\u00e9vues ci-dessus restent sans effet et qui par leur attitude ou leur indiscipline r\u00e9p\u00e9t\u00e9e troublent le bon fonctionnement de l\u2019accueil p\u00e9riscolaire seront signal\u00e9s par l\u2019agent de l\u2019OGEC.<\/p>\n<p>Ils feront l\u2019objet\u00a0:<\/p>\n<ul>\n<li>D\u2019une information orale aux parents\u00a0;<\/li>\n<li>D\u2019un avertissement \u00e9crit adress\u00e9 aux parents si le comportement de l\u2019enfant ne s\u2019am\u00e9liore pas\u00a0;<\/li>\n<li>D\u2019une exclusion temporaire de 3 jours en cas de r\u00e9cidive\u00a0;<\/li>\n<li>D\u2019une exclusion d\u00e9finitive en cas de nouvelle r\u00e9cidive malgr\u00e9 l\u2019application des sanctions pr\u00e9c\u00e9dentes.<\/li>\n<\/ul>\n<p>Les d\u00e9cisions de renvoi temporaire ou d\u00e9finitif seront signifi\u00e9es aux parents par lettre recommand\u00e9e au moins 15 jours avant l\u2019application de la sanction.<\/p>\n<p>Toute d\u00e9gradation volontaire fera l\u2019objet d\u2019un remboursement par les parents apr\u00e8s lettre d\u2019avertissement. Le non remboursement apr\u00e8s relance par lettre recommand\u00e9e entra\u00eenera l\u2019exclusion d\u00e9finitive.<\/p>\n<p>Aucune remarque \u00e0 l\u2019encontre de l\u2019agent ne devra lui \u00eatre faite directement par les parents. Elles devront \u00eatre adress\u00e9es au Pr\u00e9sident de l\u2019OGEC, qui, apr\u00e8s avoir v\u00e9rifi\u00e9 la v\u00e9racit\u00e9 des faits \u00e9nonc\u00e9s, prendra les \u00e9ventuelles mesures qui s\u2019imposent et tiendra inform\u00e9s les parents.<\/p>\n<p><strong><u>INFORMATIONS PRATIQUES<\/u><\/strong><\/p>\n<ul>\n<li><strong> Responsabilit\u00e9s \u2013 Assurances\u00a0:<\/strong><\/li>\n<\/ul>\n<p>L\u2019OGEC, gestionnaire, souscrit pour ses\u00a0 agents\u00a0 une assurance responsabilit\u00e9 civile qui couvre les pr\u00e9judices caus\u00e9s \u00e0 un tiers. Lors de l\u2019inscription, la famille doit pr\u00e9senter la preuve d\u2019un contrat de responsabilit\u00e9 civile. Une assurance scolaire comprenant une garantie individuelle accidents est \u00e9galement fortement recommand\u00e9e. Le contrat pass\u00e9 pour l\u2019activit\u00e9 scolaire couvre, le plus souvent, les risques li\u00e9s \u00e0 la fr\u00e9quentation de l\u2019accueil p\u00e9riscolaire.<\/p>\n<ul>\n<li><strong> S\u00e9curit\u00e9 \u2013 Sant\u00e9\u00a0:<\/strong><\/li>\n<\/ul>\n<p>Durant le temps d\u2019accueil p\u00e9riscolaire o\u00f9 la responsabilit\u00e9 de l\u2019OGEC, repr\u00e9sent\u00e9e par son Pr\u00e9sident, est engag\u00e9e, les parents autorisent l\u2019agent de l\u2019accueil p\u00e9riscolaire, d\u00e9l\u00e9gu\u00e9s par l\u2019OGEC, \u00e0 prendre toutes mesures urgentes (soins de premier secours, voire hospitalisation), qui incomberaient suite \u00e0 un accident survenu \u00e0 leur(s) enfant(s).<\/p>\n<p>En cas d\u2019accident b\u00e9nin, la famille sera pr\u00e9venue par t\u00e9l\u00e9phone.<\/p>\n<p>En cas d\u2019\u00e9v\u00e8nement grave, accidentel ou non, mettant en p\u00e9ril ou compromettant la sant\u00e9 de l\u2019enfant, l\u2019agent responsable contactera le SAMU qui mobilisera les secours n\u00e9cessaires. La famille en sera imm\u00e9diatement pr\u00e9venue.<\/p>\n<p>A cet effet, les parents doivent fournir <strong>des coordonn\u00e9es t\u00e9l\u00e9phoniques \u00e0 jour<\/strong> auxquelles ils peuvent \u00eatre joints aux heures de l\u2019accueil p\u00e9riscolaire. Le service scolaire ne pourra en aucun cas \u00eatre tenu pour responsable si les num\u00e9ros compos\u00e9s n\u2019aboutissent pas. Il est souhaitable de fournir aussi sur la fiche de renseignements les coordonn\u00e9es de personnes ressources joignables aux heures d\u2019ouverture du service.<\/p>\n<p>Pour les enfants en maternelle, toute personne venant chercher un enfant doit \u00eatre habilit\u00e9e \u00e0 le faire. Les parents doivent communiquer aux agents le nom et le pr\u00e9nom de cette personne et celle-ci devra pouvoir attester de son identit\u00e9.<\/p>\n<p>En cas de retard, les parents doivent pr\u00e9venir et indiquer une personne\u00a0 \u00e0 contacter pour venir chercher l\u2019enfant.<\/p>\n<p>Lors de l\u2019absence d\u2019un enfant fr\u00e9quentant r\u00e9guli\u00e8rement p\u00e9riscolaire, il faudra pr\u00e9venir l\u2019agent du p\u00e9riscolaire ou la direction de l\u2019\u00e9cole.<\/p>\n<p><strong><u>TARIFS<\/u><\/strong><\/p>\n<p>Les tarifs sont fix\u00e9s par d\u00e9lib\u00e9ration du Conseil d\u2019administration de l\u2019OGEC.<\/p>\n<p>Les tarifs s\u2019\u00e9tablissent pour la 1\/4 heure d\u2019accueil p\u00e9riscolaire\u00a0:<\/p>\n<p><strong>1\/4 heure = 0,85 \u20ac<\/strong><\/p>\n<p><strong>Tout 1\/4 heure entam\u00e9e est due.<\/strong><\/p>\n<p>En cas de non paiement l\u2019OGEC se r\u00e9serve le droit de ne plus accueillir le ou les enfants jusqu\u2019\u00e0 r\u00e9gularisation compl\u00e8te des sommes dues.<\/p>\n<p>Le pr\u00e9sent r\u00e8glement et les tarifs de l\u2019accueil p\u00e9riscolaire pourront \u00eatre modifi\u00e9s en cours d\u2019ann\u00e9e par d\u00e9lib\u00e9ration du conseil d\u2019administration.<\/p>\n<\/div>\n<\/div>\n<\/div>\n<\/div>\n<\/div>\n<\/div>\n","protected":false},"excerpt":{"rendered":"<p>PREAMBULE L\u2019OGEC Saint Michel de La Grigonnais\u00a0 organise un accueil des enfants le matin et le soir, avant et apr\u00e8s la classe. Ce service fonctionne pour tous les enfants de l\u2019\u00e9cole Saint Michel sous la responsabilit\u00e9 d\u2019agents employ\u00e9s par l\u2019OGEC. C\u2019est un lieu de d\u00e9tente, de loisirs, de repos, dans [&hellip;]<\/p>\n","protected":false},"author":1,"featured_media":0,"parent":0,"menu_order":0,"comment_status":"closed","ping_status":"closed","template":"","meta":{"footnotes":""},"class_list":["post-343","page","type-page","status-publish","hentry"],"jetpack_sharing_enabled":true,"_links":{"self":[{"href":"https:\/\/www.ecolesaintmichel44170.com\/index.php\/wp-json\/wp\/v2\/pages\/343","targetHints":{"allow":["GET"]}}],"collection":[{"href":"https:\/\/www.ecolesaintmichel44170.com\/index.php\/wp-json\/wp\/v2\/pages"}],"about":[{"href":"https:\/\/www.ecolesaintmichel44170.com\/index.php\/wp-json\/wp\/v2\/types\/page"}],"author":[{"embeddable":true,"href":"https:\/\/www.ecolesaintmichel44170.com\/index.php\/wp-json\/wp\/v2\/users\/1"}],"replies":[{"embeddable":true,"href":"https:\/\/www.ecolesaintmichel44170.com\/index.php\/wp-json\/wp\/v2\/comments?post=343"}],"version-history":[{"count":4,"href":"https:\/\/www.ecolesaintmichel44170.com\/index.php\/wp-json\/wp\/v2\/pages\/343\/revisions"}],"predecessor-version":[{"id":361,"href":"https:\/\/www.ecolesaintmichel44170.com\/index.php\/wp-json\/wp\/v2\/pages\/343\/revisions\/361"}],"wp:attachment":[{"href":"https:\/\/www.ecolesaintmichel44170.com\/index.php\/wp-json\/wp\/v2\/media?parent=343"}],"curies":[{"name":"wp","href":"https:\/\/api.w.org\/{rel}","templated":true}]}}