{"id":346,"date":"2025-02-14T16:33:19","date_gmt":"2025-02-14T15:33:19","guid":{"rendered":"https:\/\/www.ecolesaintmichel44170.com\/?page_id=346"},"modified":"2025-02-14T16:33:19","modified_gmt":"2025-02-14T15:33:19","slug":"le-self-grimandise","status":"publish","type":"page","link":"https:\/\/www.ecolesaintmichel44170.com\/index.php\/le-self-grimandise\/","title":{"rendered":"Le self Grimandise"},"content":{"rendered":"<p>La restauration scolaire est g\u00e9r\u00e9e par la commune de La Grigonnais depuis le 8 novembre 2021 dans le self de la Grimandise.<\/p>\n<p>Il propose un temps convivial, de d\u00e9couverte et d&rsquo;\u00e9ducation \u00e0 l&rsquo;alimentation. Une cuisine de saison, fait maison avec un approvisionnement \u00e0 50% issus de producteurs locaux (dans un rayon de 120 km). Ils font aussi le choix de produits majoritairement issus de l&rsquo;agriculture biologique et font en sorte de r\u00e9duire au maximum les d\u00e9chets, et gaspillage alimentaire (moins 30g \/ enfant en moyenne).<\/p>\n<p>Les \u00e9l\u00e8ves ont pris place dans les deux salles du restaurant. Un espace de 80 places assises, r\u00e9serv\u00e9 aux \u00e9l\u00e8ves de maternelle qui sont servis \u00e0 table. Et de l\u2019autre c\u00f4t\u00e9 de la ligne de self, une autre partie, de 60 places, o\u00f9 sont accueillis les plus grands (du CP au CM2), en rotation continue.<\/p>\n","protected":false},"excerpt":{"rendered":"<p>La restauration scolaire est g\u00e9r\u00e9e par la commune de La Grigonnais depuis le 8 novembre 2021 dans le self de la Grimandise. Il propose un temps convivial, de d\u00e9couverte et d&rsquo;\u00e9ducation \u00e0 l&rsquo;alimentation. Une cuisine de saison, fait maison avec un approvisionnement \u00e0 50% issus de producteurs locaux (dans un [&hellip;]<\/p>\n","protected":false},"author":1,"featured_media":0,"parent":0,"menu_order":0,"comment_status":"closed","ping_status":"closed","template":"","meta":{"footnotes":""},"class_list":["post-346","page","type-page","status-publish","hentry"],"jetpack_sharing_enabled":true,"_links":{"self":[{"href":"https:\/\/www.ecolesaintmichel44170.com\/index.php\/wp-json\/wp\/v2\/pages\/346","targetHints":{"allow":["GET"]}}],"collection":[{"href":"https:\/\/www.ecolesaintmichel44170.com\/index.php\/wp-json\/wp\/v2\/pages"}],"about":[{"href":"https:\/\/www.ecolesaintmichel44170.com\/index.php\/wp-json\/wp\/v2\/types\/page"}],"author":[{"embeddable":true,"href":"https:\/\/www.ecolesaintmichel44170.com\/index.php\/wp-json\/wp\/v2\/users\/1"}],"replies":[{"embeddable":true,"href":"https:\/\/www.ecolesaintmichel44170.com\/index.php\/wp-json\/wp\/v2\/comments?post=346"}],"version-history":[{"count":1,"href":"https:\/\/www.ecolesaintmichel44170.com\/index.php\/wp-json\/wp\/v2\/pages\/346\/revisions"}],"predecessor-version":[{"id":348,"href":"https:\/\/www.ecolesaintmichel44170.com\/index.php\/wp-json\/wp\/v2\/pages\/346\/revisions\/348"}],"wp:attachment":[{"href":"https:\/\/www.ecolesaintmichel44170.com\/index.php\/wp-json\/wp\/v2\/media?parent=346"}],"curies":[{"name":"wp","href":"https:\/\/api.w.org\/{rel}","templated":true}]}}